{"id":65,"date":"2024-09-23T13:45:05","date_gmt":"2024-09-23T13:45:05","guid":{"rendered":"https:\/\/elff.hhu-hosting.de\/?page_id=65"},"modified":"2025-03-28T08:25:47","modified_gmt":"2025-03-28T08:25:47","slug":"elff-rechner","status":"publish","type":"page","link":"https:\/\/elff.hhu-hosting.de\/","title":{"rendered":"ELFF-Rechner"},"content":{"rendered":"\n<div class=\"wp-block-columns is-layout-flex wp-container-core-columns-is-layout-28f84493 wp-block-columns-is-layout-flex\">\n<div class=\"wp-block-column is-layout-flow wp-block-column-is-layout-flow\" style=\"flex-basis:66.66%\">\n<p>Bitte verwenden Sie zur Berechnung der Personalkosten (Arbeitgeberbrutto) f\u00fcr SHK\/WHB\/WHK unseren ELFF-Rechner. Dazu m\u00fcssen Sie nur mit den DropDown-Men\u00fcs die gew\u00fcnschte Anzahl an Wochenstunden und den Zeitraum in Monaten ausw\u00e4hlen.<\/p>\n<\/div>\n\n\n\n<div class=\"wp-block-column is-layout-flow wp-block-column-is-layout-flow\" style=\"flex-basis:33.33%\">\n<figure class=\"wp-block-image size-full is-resized\"><img loading=\"lazy\" decoding=\"async\" width=\"170\" height=\"74\" src=\"https:\/\/elff.hhu-hosting.de\/wp-content\/uploads\/elff-rechner-1.jpg\" alt=\"Gr\u00fcner Schriftzug ELFF daneben ein schr\u00e4ges, gr\u00fcnes Tastenfeld mit Zahlen 1-9 und Symbolen *, 0, #\" class=\"wp-image-71\" style=\"width:179px;height:auto\"\/><\/figure>\n<\/div>\n<\/div>\n\n\n\n<p><strong>G\u00fcltig ab 01.04.2025<\/strong><\/p>\n\n\n<!DOCTYPE html>\n<html lang=\"de\">\n<head>\n    <meta charset=\"UTF-8\">\n    <meta name=\"viewport\" content=\"width=device-width, initial-scale=1.0\">\n<script src=\"https:\/\/ajax.googleapis.com\/ajax\/libs\/jquery\/3.6.0\/jquery.min.js\"><\/script>\n<title>ELFF-Rechner<\/title>\n<\/head>\n\n<style type=\"text\/css\">\n  .elffr_hilfskraft_template { display:none; }\n  #elffr_gesamtbetrag { color:red; font-face:bold; }\n<\/style>\n<style type=\"text\/css\" media=\"print\">\n  .elffr_zeile_entfernen { display:none; }\n<\/style>\n\n<script type=\"text\/javascript\">\n$(document).ready(function () {\n\n    $(document).on(\"change\", \"select\", function() {\n        var ausgabe = gesamtsumme_berechnen();\n        $('.elffr_gesamtsumme_hilfskraftmassnahmen').html(ausgabe);\n    });\n\n    \/* Aktion fuer den Link zum Hinzufuegen einer Hilfskraftzeile\n       es wird ein neues <div> entsprechend der Vorlage elffr_hilfskraft_template eingefuegt\n       das neue Feld wird unterhalb der bestehenden Felder angezeigt *\/\n    $('#elffr_hilfskraft_hinzufuegen').click(function () {\n        last_extra_person = 'elffr_hilfskraft1';\n        $( '.elffr_hilfskraft' ).each(function() {\n            last_extra_person = $( this ).attr('id');\n        });\n        max_id = parseInt(last_extra_person.slice(-1));\n        var new_id = \"elffr_hilfskraft\" + (max_id + 1);\n        $('<div\/>', {\n            'class' : 'elffr_hilfskraft', 'id' : new_id, html: html_hilfskraftzeile_hinzufuegen(max_id + 1)\n        }).hide().appendTo('#elffr_container').slideDown('slow');\n    });\n\n    \/* Aktion fuer den Link zum Loeschen einer Hilfskraftzeile\n       es wird das Elternelement zum Link geloescht, in diesem Fall das elffr_hilfskraft-div\n       zusaetzlich wird die Gesamtsumme neu berechnet und die Anzeige aktualisiert *\/\n    $(document).on(\"click\", \"a.elffr_zeile_entfernen\", function () {\n        $(this).parent().remove();\n        var ausgabe = gesamtsumme_berechnen();\n        $('.elffr_gesamtsumme_hilfskraftmassnahmen').html(ausgabe);\n    });\n\n});\n\nfunction html_hilfskraftzeile_hinzufuegen(new_id)\n{\n    \/* Verwendung der uebergebenen ID (new_id) als neuen ID-Wert fuer weitere Zeile\n       Klonen der Vorlage fuer eine weitere Zeile *\/\n    var html = $('.elffr_hilfskraft_template').clone();\n    \/* Hinzufuegen von Namen und ID fuer die einzelnen Felder\n       ergaenzt um die naechste, noch nicht vergebene ID (Beginn bei 1) *\/\n    html.find('[name=elffr_hk_anzahl]')[0].name=\"elffr_hk_anzahl\" + new_id;\n    html.find('[id=elffr_hk_anzahl]')[0].id=\"elffr_hk_anzahl\" + new_id;\n    html.find('[name=elffr_hk_stunden]')[0].name=\"elffr_hk_stunden\" + new_id;\n    html.find('[id=elffr_hk_stunden]')[0].id=\"elffr_hk_stunden\" + new_id;\n    html.find('[name=elffr_hk_typ]')[0].name=\"elffr_hk_typ\" + new_id;\n    html.find('[id=elffr_hk_typ]')[0].id=\"elffr_hk_typ\" + new_id;\n    html.find('[name=elffr_hk_monate]')[0].name=\"elffr_hk_monate\" + new_id;\n    html.find('[id=elffr_hk_monate]')[0].id=\"elffr_hk_monate\" + new_id;\n    \/* Rueckgabe des HTML-Quellcodes, ergaenzt um die neue Hilfskraftzeile *\/\n    return html.html(); \n}\n\nfunction gesamtsumme_berechnen() {\n    \/* Initialisierung der benoetigten Variablen *\/\n    var monatsfaktor = 4.348;\n    var hk_lohnstufen = {\"SHK\":14.60, \"WHB\":15.75, \"WHK\":18.55};\n    var maximale_foerdersumme = 11500;\n    var sozialfaktoren_shk = {\"8.75\":1.3, \"9\":1.0965};\n    var sozialfaktoren_whb = {\"8.11\":1.3, \"9\":1.1963};\n    var sozialfaktoren_whk = {\"6.89\":1.3, \"7\":1.1963};\n    var zeilen_ids = [];\n    var gesamtsumme = 0;\n    var shk_stunden_gesamt = 0;\n    var whb_stunden_gesamt = 0;\n    var whk_stunden_gesamt = 0;\n    var ausgabe = \"\";\n\n    $( '.elffr_hilfskraft' ).each(function() {\n        row_id_string = $( this ).attr('id');\n        row_id = parseInt(row_id_string.slice(-1));\n        zeilen_ids.push(row_id);\n    });\n\n    for ( var zaehler = 0; zaehler < zeilen_ids.length; zaehler++ ) {\n        var hk_anzahl = $( \"#elffr_hk_anzahl\" + zeilen_ids[zaehler] + \" option:selected\" ).text();\n        var hk_stunden = $( \"#elffr_hk_stunden\" + zeilen_ids[zaehler] + \" option:selected\" ).text();\n        var hk_typ = $( \"#elffr_hk_typ\" + zeilen_ids[zaehler] + \" option:selected\" ).val();\n        var hk_monate = $( \"#elffr_hk_monate\" + zeilen_ids[zaehler] + \" option:selected\" ).text();\n        if (hk_typ == \"SHK\") {\n            if (hk_stunden < 9) {\n                var sozialfaktor = sozialfaktoren_shk[\"8.75\"]\n            } else {\n                var sozialfaktor = sozialfaktoren_shk[\"9\"]\n            }\n            var summe_zeile = hk_anzahl * hk_stunden * monatsfaktor * hk_lohnstufen[hk_typ] * hk_monate * sozialfaktor;\n        } else if (hk_typ == \"WHB\") {\n            if (hk_stunden < 9) {\n                var sozialfaktor = sozialfaktoren_whb[\"8.11\"]\n            } else {\n                var sozialfaktor = sozialfaktoren_whb[\"9\"]\n            }\n            var summe_zeile = hk_anzahl * hk_stunden * monatsfaktor * hk_lohnstufen[hk_typ] * hk_monate * sozialfaktor;\n        } else if (hk_typ == \"WHK\") {\n            if (hk_stunden < 8) {\n                var sozialfaktor = sozialfaktoren_whk[\"6.89\"]\n            } else {\n                var sozialfaktor = sozialfaktoren_whk[\"7\"]\n            }\n            var summe_zeile = hk_anzahl * hk_stunden * monatsfaktor * hk_lohnstufen[hk_typ] * hk_monate * sozialfaktor;\n        }\n        gesamtsumme = gesamtsumme + summe_zeile;\n        if (hk_typ == \"SHK\") {\n            shk_stunden_gesamt = shk_stunden_gesamt + parseInt(hk_stunden) * hk_anzahl * monatsfaktor * hk_monate;\n            shk_stunden_gesamt = Math.ceil((shk_stunden_gesamt * 100) \/ 100);\n        } else if (hk_typ == \"WHB\") {\n            whb_stunden_gesamt = whb_stunden_gesamt + parseInt(hk_stunden) * hk_anzahl * monatsfaktor * hk_monate;\n            whb_stunden_gesamt = Math.ceil((whb_stunden_gesamt * 100) \/ 100);\n        } else if (hk_typ == \"WHK\") {\n            whk_stunden_gesamt = whk_stunden_gesamt + parseInt(hk_stunden) * hk_anzahl * monatsfaktor * hk_monate;\n            whk_stunden_gesamt = Math.ceil((whk_stunden_gesamt * 100) \/ 100);\n        }\n    }\n\n    \/* Formatierung der Summe: kaufmaennische Rundung mit zwei Nachkommastellen *\/\n    var summe_formatiert = Math.round(gesamtsumme * 100) \/ 100;\n    summe_formatiert_ausgabe = summe_formatiert.toLocaleString();\n\n    ausgabe = ausgabe + \"Insgesamt \" + shk_stunden_gesamt + \" SHK-Stunden und \" + whb_stunden_gesamt + \" WHB-Stunden und \" + whk_stunden_gesamt + \" WHK-Stunden.<br \/><br \/>\";\n\n    \/* Pruefung, ob maximale Foerdersumme ueberschritten wird\n       Erstellung einer Ergebnisausgabe, abhaengig vom Ergebnis der Pruefung *\/\n    if (summe_formatiert > maximale_foerdersumme) {\n        ausgabe = ausgabe + '<span id=\"elffr_gesamtbetrag\"><b>Gesamtbetrag: '+ summe_formatiert_ausgabe + \" Euro (\u00fcberschreitet maximalen F\u00f6rderbetrag!)<\/b>\";\n    } else {\n        ausgabe = ausgabe + \"<b>Gesamtbetrag: \"+ summe_formatiert_ausgabe + \" Euro<\/b>\";\n    }\n\n    return ausgabe;\n}\n\n<\/script>\n\n<form role=\"form\">\n\n<div class=\"elffr_hilfskraft_template\">\n    <select name=\"elffr_hk_anzahl\" id=\"elffr_hk_anzahl\">\n    <option selected>0<\/option>\n        <option>1<\/option>\n        <option>2<\/option>\n        <option>3<\/option>\n        <option>4<\/option>\n        <option>5<\/option>\n        <option>6<\/option>\n        <option>7<\/option>\n        <option>8<\/option>\n        <option>9<\/option>\n        <option>10<\/option>\n    <\/select>\n    <select name=\"elffr_hk_typ\" id=\"elffr_hk_typ\">\n        <option value=\"SHK\" selected>SHK(s)<\/option>\n        <option value=\"WHB\">WHB(s)<\/option>\n        <option value=\"WHK\">WHK(s)<\/option>\n    <\/select>\n    mit\n    <select name=\"elffr_hk_stunden\" id=\"elffr_hk_stunden\">\n        <option selected>0<\/option>\n        <option>1<\/option>\n        <option>2<\/option>\n        <option>3<\/option>\n        <option>4<\/option>\n        <option>5<\/option>\n        <option>6<\/option>\n        <option>7<\/option>\n        <option>8<\/option>\n        <option>9<\/option>\n        <option>10<\/option>\n        <option>11<\/option>\n        <option>12<\/option>\n        <option>13<\/option>\n        <option>14<\/option>\n        <option>15<\/option>\n        <option>16<\/option>\n        <option>17<\/option>\n    <\/select>\n    Wochenstunden f\u00fcr\n    <select name=\"elffr_hk_monate\" id=\"elffr_hk_monate\">\n        <option selected>0<\/option>\n        <option>1<\/option>\n        <option>2<\/option>\n        <option>3<\/option>\n        <option>4<\/option>\n        <option>5<\/option>\n        <option>6<\/option>\n        <option>7<\/option>\n        <option>8<\/option>\n        <option>9<\/option>\n        <option>10<\/option>\n        <option>11<\/option>\n        <option>12<\/option>      \n    <\/select>\n    Monate\n    <a href=\"#\" class=\"elffr_zeile_entfernen\">Zeile entfernen<\/a>\n<br \/><br \/>\n<\/div>\n\n<div id=\"elffr_container\">\n    <noscript>\n        <p>Das Berechnungsformular funktioniert nur mit aktiviertem JavaScript!<\/p>\n        <style type=\"text\/css\">\n          .elffr_hilfskraft {display:none;}\n          #elffr_hilfskraft_hinzufuegen {display:none;}\n          .elff_gesamtsumme_hilfskraftmassnahmen {display:none;}\n        <\/style>\n    <\/noscript>\n    <div id=\"elffr_hilfskraft1\" class=\"elffr_hilfskraft\">\n        <select name=\"elffr_hk_anzahl1\" id=\"elffr_hk_anzahl1\">\n        <option selected>0<\/option>\n            <option>1<\/option>\n            <option>2<\/option>\n            <option>3<\/option>\n            <option>4<\/option>\n            <option>5<\/option>\n            <option>6<\/option>\n            <option>7<\/option>\n            <option>8<\/option>\n            <option>9<\/option>\n            <option>10<\/option>\n        <\/select>\n        <select name=\"elffr_hk_typ1\" id=\"elffr_hk_typ1\">\n            <option value=\"SHK\" selected>SHK(s)<\/option>\n            <option value=\"WHB\">WHB(s)<\/option>\n            <option value=\"WHK\">WHK(s)<\/option>\n        <\/select>\n        mit\n        <select name=\"elffr_hk_stunden1\" id=\"elffr_hk_stunden1\">\n            <option selected>0<\/option>\n            <option>1<\/option>\n            <option>2<\/option>\n            <option>3<\/option>\n            <option>4<\/option>\n            <option>5<\/option>\n            <option>6<\/option>\n            <option>7<\/option>\n            <option>8<\/option>\n            <option>9<\/option>\n            <option>10<\/option>\n            <option>11<\/option>\n            <option>12<\/option>\n            <option>13<\/option>\n            <option>14<\/option>\n            <option>15<\/option>\n            <option>16<\/option>\n            <option>17<\/option>\n        <\/select>\n        Wochenstunden f\u00fcr\n        <select name=\"elffr_hk_monate1\" id=\"elffr_hk_monate1\">\n            <option selected>0<\/option>\n            <option>1<\/option>\n            <option>2<\/option>\n            <option>3<\/option>\n            <option>4<\/option>\n            <option>5<\/option>\n            <option>6<\/option>\n            <option>7<\/option>\n            <option>8<\/option>\n            <option>9<\/option>\n            <option>10<\/option>\n            <option>11<\/option>\n            <option>12<\/option>\n        <\/select>\n        Monate\n    <\/div>\n<br \/>\n<\/div>\n\n<br>\n<a href=\"#\" id=\"elffr_hilfskraft_hinzufuegen\">+ Hilfskraft bzw. Hilfskr\u00e4fte hinzuf\u00fcgen<\/a>\n<br \/><br \/>\n<div class=\"elffr_gesamtsumme_hilfskraftmassnahmen\"><\/div>\n\n<\/form>\n\n\n<p><strong>Hinweis<\/strong><\/p>\n\n\n\n<p>Seit dem 1. Januar 2025 liegt die Entgeltgrenze f\u00fcr Minijobs bei 556,00 \u20ac.<\/p>\n\n\n\n<p>Die entsprechenden Berechnungstabellen f\u00fcr den Stundenlohn einer SHK, WHB und WHK finden Sie im <a href=\"http:\/\/www.intranet.hhu.de\/zentrale-universitaetsverwaltung\/dezernat-3-personal\/serviceseiten-d3-mit-downloads\/hilfskraefte\">Intranet der HHU<\/a>.<\/p>\n\n\n\n<p>F\u00fcr die <strong>Medizinische Fakult\u00e4t<\/strong> gelten andere Stundens\u00e4tze. Die Berechnungtabelle finden Sie auch im <a href=\"http:\/\/www.intranet.hhu.de\/zentrale-universitaetsverwaltung\/dezernat-3-personal\/serviceseiten-d3-mit-downloads\/hilfskraefte\">Intranet der HHU<\/a>.<\/p>\n\n\n\n<p><\/p>\n","protected":false},"excerpt":{"rendered":"<p>Bitte verwenden Sie zur Berechnung der Personalkosten (Arbeitgeberbrutto) f\u00fcr SHK\/WHB\/WHK unseren ELFF-Rechner. Dazu m\u00fcssen Sie nur mit den DropDown-Men\u00fcs die gew\u00fcnschte Anzahl an Wochenstunden und den Zeitraum in Monaten ausw\u00e4hlen. G\u00fcltig ab 01.04.2025 ELFF-Rechner 012345678910 SHK(s)WHB(s)WHK(s) mit 01234567891011121314151617 Wochenstunden f\u00fcr 0123456789101112 Monate Zeile entfernen Das Berechnungsformular funktioniert nur mit aktiviertem JavaScript! 012345678910 SHK(s)WHB(s)WHK(s) mit 01234567891011121314151617 [&hellip;]<\/p>\n","protected":false},"author":2,"featured_media":0,"parent":0,"menu_order":0,"comment_status":"closed","ping_status":"closed","template":"","meta":{"footnotes":""},"class_list":["post-65","page","type-page","status-publish","hentry"],"_links":{"self":[{"href":"https:\/\/elff.hhu-hosting.de\/index.php\/wp-json\/wp\/v2\/pages\/65","targetHints":{"allow":["GET"]}}],"collection":[{"href":"https:\/\/elff.hhu-hosting.de\/index.php\/wp-json\/wp\/v2\/pages"}],"about":[{"href":"https:\/\/elff.hhu-hosting.de\/index.php\/wp-json\/wp\/v2\/types\/page"}],"author":[{"embeddable":true,"href":"https:\/\/elff.hhu-hosting.de\/index.php\/wp-json\/wp\/v2\/users\/2"}],"replies":[{"embeddable":true,"href":"https:\/\/elff.hhu-hosting.de\/index.php\/wp-json\/wp\/v2\/comments?post=65"}],"version-history":[{"count":42,"href":"https:\/\/elff.hhu-hosting.de\/index.php\/wp-json\/wp\/v2\/pages\/65\/revisions"}],"predecessor-version":[{"id":179,"href":"https:\/\/elff.hhu-hosting.de\/index.php\/wp-json\/wp\/v2\/pages\/65\/revisions\/179"}],"wp:attachment":[{"href":"https:\/\/elff.hhu-hosting.de\/index.php\/wp-json\/wp\/v2\/media?parent=65"}],"curies":[{"name":"wp","href":"https:\/\/api.w.org\/{rel}","templated":true}]}}